{"id":3642,"date":"2023-04-03T17:03:15","date_gmt":"2023-04-03T17:03:15","guid":{"rendered":"http:\/\/tienda.acaciasoluciones.es\/?page_id=3642"},"modified":"2023-04-03T17:03:44","modified_gmt":"2023-04-03T17:03:44","slug":"politica-de-cookies","status":"publish","type":"page","link":"https:\/\/www.acaciasol.com\/pt-pt\/politica-de-cookies\/","title":{"rendered":"Pol\u00edtica de Cookies"},"content":{"rendered":"<p><\/p><p>Esta Pol\u00edtica de Cookies describe c\u00f3mo se usan las cookies y tecnolog\u00edas similares en nuestro sitio web.<\/p><p>Al usar la web, usted acepta los t\u00e9rminos y condiciones de esta Pol\u00edtica de Cookies. Abst\u00e9ngase de visitar la web o, alternativamente, desactive las cookies y tecnolog\u00edas similares (como se explica m\u00e1s adelante) si no desea que las cookies se almacenen en su equipo o dispositivo m\u00f3vil o se acceda a ellas a trav\u00e9s de su equipo o dispositivo m\u00f3vil.<\/p><p><a><\/a> Podremos modificar esta Pol\u00edtica de Cookies en cualquier momento. Cualquier cambio en esta Pol\u00edtica de Cookies ser\u00e1 efectivo cuando proporcionemos la Pol\u00edtica de Cookies revisada en el Sitio.<\/p><p><strong>1. \u00bfQU\u00c9 ES UNA COOKIE?<\/strong><\/p><p>Una cookie es una secuencia simple de texto que el servidor del Sitio transfiere al archivo de cookie del buscador de su ordenador u otro dispositivo, de modo que el servidor del sitio web puede leer y recuperar el contenido de dicha cookie.<\/p><p><strong>2. C\u00d3MO USAMOS LAS COOKIES<\/strong><\/p><p><strong>2.1 Actualmente usamos tanto cookies de sesi\u00f3n como cookies permanentes en nuestros sitios.<\/strong><\/p><p><strong>2.2 Cookies de terceros<\/strong><\/p><p>Usamos una serie de contenido y herramientas de terceros en la web. Por tanto, cuando usted visita una p\u00e1gina con contenido incrustado, se pueden instalar cookies en la web. No controlamos la difusi\u00f3n, el contenido ni el uso espec\u00edfico de dichas cookies. Usted deber\u00e1 consultar el sitio web del tercero correspondiente para obtener m\u00e1s informaci\u00f3n al respecto.<\/p><p><strong>3. RECHAZAR COOKIES EN LA WEB<\/strong><\/p><p>Si no desea que se recopile su informaci\u00f3n personal mediante el uso de cookies, existe un procedimiento simple en la mayor\u00eda de los buscadores que le permite rechazar las cookies autom\u00e1ticamente o le permite elegir entre rechazar o aceptar la transferencia a su ordenador de una cookie (o cookies) de un sitio web particular. La informaci\u00f3n sobre el procedimiento que debe seguir para desactivar las cookies se puede encontrar en el sitio web de su proveedor de buscador de Internet a trav\u00e9s de la pantalla de ayuda. Tenga en cuenta que si se desactivan las cookies, puede que no todas las caracter\u00edsticas del Sitio funcionen como es debido.<\/p><p>Queremos que sepa c\u00f3mo deshacerse de estas cookies de rastreo si lo desea. Por eso lo proporcionamos a elecci\u00f3n del usuario e incluimos enlaces a las p\u00e1ginas en las que puede gestionar las cookies:<br>Si desea retirar todas las cookies de rastreo de todos sus sitios web, a continuaci\u00f3n encontrar\u00e1 los enlaces en los que descargar tres programas que pueden eliminar las cookies de rastreo:<br><a href=\"https:\/\/www.adaware.com\/de\"><u>https:\/\/www.adaware.com\/de<\/u><\/a><br><a href=\"https:\/\/www.safer-networking.org\/download\/\"><u>https:\/\/www.safer-networking.org\/download\/<\/u><\/a><br><a href=\"https:\/\/www.webroot.com\/us\/en\"><u>https:\/\/www.webroot.com\/us\/en<\/u><\/a><\/p>","protected":false},"excerpt":{"rendered":"<p>Esta Pol\u00edtica de Cookies describe c\u00f3mo se usan las cookies y tecnolog\u00edas similares en nuestro sitio web. Al usar la web, usted acepta los t\u00e9rminos y condiciones de esta Pol\u00edtica de Cookies. Abst\u00e9ngase de visitar la web o, alternativamente, desactive las cookies y tecnolog\u00edas similares (como se explica m\u00e1s adelante) si no desea que las [&hellip;]<\/p>\n","protected":false},"author":1,"featured_media":0,"parent":0,"menu_order":0,"comment_status":"closed","ping_status":"closed","template":"","meta":{"inline_featured_image":false,"footnotes":""},"class_list":["post-3642","page","type-page","status-publish","hentry"],"_links":{"self":[{"href":"https:\/\/www.acaciasol.com\/pt-pt\/wp-json\/wp\/v2\/pages\/3642","targetHints":{"allow":["GET"]}}],"collection":[{"href":"https:\/\/www.acaciasol.com\/pt-pt\/wp-json\/wp\/v2\/pages"}],"about":[{"href":"https:\/\/www.acaciasol.com\/pt-pt\/wp-json\/wp\/v2\/types\/page"}],"author":[{"embeddable":true,"href":"https:\/\/www.acaciasol.com\/pt-pt\/wp-json\/wp\/v2\/users\/1"}],"replies":[{"embeddable":true,"href":"https:\/\/www.acaciasol.com\/pt-pt\/wp-json\/wp\/v2\/comments?post=3642"}],"version-history":[{"count":1,"href":"https:\/\/www.acaciasol.com\/pt-pt\/wp-json\/wp\/v2\/pages\/3642\/revisions"}],"predecessor-version":[{"id":3643,"href":"https:\/\/www.acaciasol.com\/pt-pt\/wp-json\/wp\/v2\/pages\/3642\/revisions\/3643"}],"wp:attachment":[{"href":"https:\/\/www.acaciasol.com\/pt-pt\/wp-json\/wp\/v2\/media?parent=3642"}],"curies":[{"name":"wp","href":"https:\/\/api.w.org\/{rel}","templated":true}]}}