{"id":4906,"date":"2023-03-30T15:49:37","date_gmt":"2023-03-30T15:49:37","guid":{"rendered":"http:\/\/tienda.acaciasoluciones.es\/producto\/c-clear-forte\/"},"modified":"2023-09-17T15:17:39","modified_gmt":"2023-09-17T15:17:39","slug":"c-clear-forte","status":"publish","type":"product","link":"https:\/\/www.acaciasol.com\/pt-pt\/producto\/c-clear-forte\/","title":{"rendered":"C CLEAR FORTE"},"content":{"rendered":"<p>CANDIDA CLEAR FORTE &#8211; Suplemento alimentar \u00e0 base de \u00e1cido capr\u00edlico, extratos vegetais, \u00f3leo essencial de or\u00e9gano e biotina<\/p>\n","protected":false},"excerpt":{"rendered":"<p>CANDIDA CLEAR FORTE &#8211; Suplemento alimentar \u00e0 base de \u00e1cido capr\u00edlico, extratos vegetais, \u00f3leo essencial de or\u00e9gano e biotina<\/p>\n","protected":false},"featured_media":1351,"template":"","meta":{"inline_featured_image":false},"product_brand":[],"product_cat":[181,184],"product_tag":[218],"class_list":{"0":"post-4906","1":"product","2":"type-product","3":"status-publish","4":"has-post-thumbnail","6":"product_cat-enzimas-e-digestao","7":"product_cat-formulas-pt-pt","8":"product_tag-vbyotics-nutrition-pt-pt","10":"first","11":"instock","12":"shipping-taxable","13":"purchasable","14":"product-type-simple"},"_links":{"self":[{"href":"https:\/\/www.acaciasol.com\/pt-pt\/wp-json\/wp\/v2\/product\/4906","targetHints":{"allow":["GET"]}}],"collection":[{"href":"https:\/\/www.acaciasol.com\/pt-pt\/wp-json\/wp\/v2\/product"}],"about":[{"href":"https:\/\/www.acaciasol.com\/pt-pt\/wp-json\/wp\/v2\/types\/product"}],"wp:featuredmedia":[{"embeddable":true,"href":"https:\/\/www.acaciasol.com\/pt-pt\/wp-json\/wp\/v2\/media\/1351"}],"wp:attachment":[{"href":"https:\/\/www.acaciasol.com\/pt-pt\/wp-json\/wp\/v2\/media?parent=4906"}],"wp:term":[{"taxonomy":"product_brand","embeddable":true,"href":"https:\/\/www.acaciasol.com\/pt-pt\/wp-json\/wp\/v2\/product_brand?post=4906"},{"taxonomy":"product_cat","embeddable":true,"href":"https:\/\/www.acaciasol.com\/pt-pt\/wp-json\/wp\/v2\/product_cat?post=4906"},{"taxonomy":"product_tag","embeddable":true,"href":"https:\/\/www.acaciasol.com\/pt-pt\/wp-json\/wp\/v2\/product_tag?post=4906"}],"curies":[{"name":"wp","href":"https:\/\/api.w.org\/{rel}","templated":true}]}}