{"id":4923,"date":"2023-03-30T15:50:08","date_gmt":"2023-03-30T15:50:08","guid":{"rendered":"http:\/\/tienda.acaciasoluciones.es\/producto\/e-400\/"},"modified":"2023-09-17T15:15:01","modified_gmt":"2023-09-17T15:15:01","slug":"e-400","status":"publish","type":"product","link":"https:\/\/www.acaciasol.com\/pt-pt\/producto\/e-400\/","title":{"rendered":"E-400"},"content":{"rendered":"<p>VITAMINA E-400 &#8211; Suplemento Alimentar \u00e0 Base de Azeite e Vitamina E (D-Alfa-Tocoferol)<\/p>\n","protected":false},"excerpt":{"rendered":"<p>\u201cA vitamina E contribui para a prote\u00e7\u00e3o das c\u00e9lulas contra os danos oxidativos.\u201d<\/p>\n","protected":false},"featured_media":4924,"template":"","meta":{"inline_featured_image":false},"product_brand":[],"product_cat":[192],"product_tag":[218],"class_list":{"0":"post-4923","1":"product","2":"type-product","3":"status-publish","4":"has-post-thumbnail","6":"product_cat-vitaminas-minerais","7":"product_tag-vbyotics-nutrition-pt-pt","9":"first","10":"instock","11":"shipping-taxable","12":"purchasable","13":"product-type-simple"},"_links":{"self":[{"href":"https:\/\/www.acaciasol.com\/pt-pt\/wp-json\/wp\/v2\/product\/4923","targetHints":{"allow":["GET"]}}],"collection":[{"href":"https:\/\/www.acaciasol.com\/pt-pt\/wp-json\/wp\/v2\/product"}],"about":[{"href":"https:\/\/www.acaciasol.com\/pt-pt\/wp-json\/wp\/v2\/types\/product"}],"wp:featuredmedia":[{"embeddable":true,"href":"https:\/\/www.acaciasol.com\/pt-pt\/wp-json\/wp\/v2\/media\/4924"}],"wp:attachment":[{"href":"https:\/\/www.acaciasol.com\/pt-pt\/wp-json\/wp\/v2\/media?parent=4923"}],"wp:term":[{"taxonomy":"product_brand","embeddable":true,"href":"https:\/\/www.acaciasol.com\/pt-pt\/wp-json\/wp\/v2\/product_brand?post=4923"},{"taxonomy":"product_cat","embeddable":true,"href":"https:\/\/www.acaciasol.com\/pt-pt\/wp-json\/wp\/v2\/product_cat?post=4923"},{"taxonomy":"product_tag","embeddable":true,"href":"https:\/\/www.acaciasol.com\/pt-pt\/wp-json\/wp\/v2\/product_tag?post=4923"}],"curies":[{"name":"wp","href":"https:\/\/api.w.org\/{rel}","templated":true}]}}