{"id":7566,"date":"2025-04-25T16:26:50","date_gmt":"2025-04-25T16:26:50","guid":{"rendered":"https:\/\/www.acaciasol.com\/producto\/multibyotics\/"},"modified":"2026-03-11T12:25:03","modified_gmt":"2026-03-11T12:25:03","slug":"multibyotics","status":"publish","type":"product","link":"https:\/\/www.acaciasol.com\/pt-pt\/producto\/multibyotics\/","title":{"rendered":"MULTIBYOTICS"},"content":{"rendered":"<p>MULTIBYOTICS &#8211; Suplemento alimentar \u00e0 base de algas, inositol, \u00e1cido alfa R-lip\u00f3ico, glutationa reduzida, plantas, vitaminas e minerais.<\/p>\n","protected":false},"excerpt":{"rendered":"<p>MULTIBYOTICS &#8211; Suplemento alimentar \u00e0 base de algas, inositol, \u00e1cido alfa R-lip\u00f3ico, glutationa reduzida, plantas, vitaminas e minerais.<\/p>\n","protected":false},"featured_media":7531,"template":"","meta":{"inline_featured_image":false},"product_brand":[],"product_cat":[172,214],"product_tag":[218],"class_list":{"0":"post-7566","1":"product","2":"type-product","3":"status-publish","4":"has-post-thumbnail","6":"product_cat-novidades","7":"product_cat-sin-categorizar-pt-pt","8":"product_tag-vbyotics-nutrition-pt-pt","10":"first","11":"instock","12":"shipping-taxable","13":"purchasable","14":"product-type-simple"},"_links":{"self":[{"href":"https:\/\/www.acaciasol.com\/pt-pt\/wp-json\/wp\/v2\/product\/7566","targetHints":{"allow":["GET"]}}],"collection":[{"href":"https:\/\/www.acaciasol.com\/pt-pt\/wp-json\/wp\/v2\/product"}],"about":[{"href":"https:\/\/www.acaciasol.com\/pt-pt\/wp-json\/wp\/v2\/types\/product"}],"wp:featuredmedia":[{"embeddable":true,"href":"https:\/\/www.acaciasol.com\/pt-pt\/wp-json\/wp\/v2\/media\/7531"}],"wp:attachment":[{"href":"https:\/\/www.acaciasol.com\/pt-pt\/wp-json\/wp\/v2\/media?parent=7566"}],"wp:term":[{"taxonomy":"product_brand","embeddable":true,"href":"https:\/\/www.acaciasol.com\/pt-pt\/wp-json\/wp\/v2\/product_brand?post=7566"},{"taxonomy":"product_cat","embeddable":true,"href":"https:\/\/www.acaciasol.com\/pt-pt\/wp-json\/wp\/v2\/product_cat?post=7566"},{"taxonomy":"product_tag","embeddable":true,"href":"https:\/\/www.acaciasol.com\/pt-pt\/wp-json\/wp\/v2\/product_tag?post=7566"}],"curies":[{"name":"wp","href":"https:\/\/api.w.org\/{rel}","templated":true}]}}