{"id":7835,"date":"2025-10-01T11:25:45","date_gmt":"2025-10-01T11:25:45","guid":{"rendered":"https:\/\/www.acaciasol.com\/?post_type=product&#038;p=7835"},"modified":"2025-11-27T09:02:39","modified_gmt":"2025-11-27T09:02:39","slug":"glucoblend-flex-formula","status":"publish","type":"product","link":"https:\/\/www.acaciasol.com\/pt-pt\/producto\/glucoblend-flex-formula\/","title":{"rendered":"GLUCOBLEND FLEX FORMULA"},"content":{"rendered":"<p>GLUCOBLEND FLEX FORMULA: <span data-olk-copy-source=\"MessageBody\">Suplemento alimentar \u00e0 base de Sulfato de Glucosamina, Sulfato de Condroitina, MSM, Plantas, Hialuronato de S\u00f3dio, Zinco e Vitaminas.<\/span><\/p>\n","protected":false},"excerpt":{"rendered":"<p>F\u00f3rmula para a manuten\u00e7\u00e3o das articula\u00e7\u00f5es<\/p>\n","protected":false},"featured_media":7871,"template":"","meta":{"inline_featured_image":false},"product_brand":[],"product_cat":[172,184,185],"product_tag":[218],"class_list":{"0":"post-7835","1":"product","2":"type-product","3":"status-publish","4":"has-post-thumbnail","6":"product_cat-novidades","7":"product_cat-formulas-pt-pt","8":"product_cat-glucosamina-msm-cartilagem","9":"product_tag-vbyotics-nutrition-pt-pt","11":"first","12":"instock","13":"shipping-taxable","14":"purchasable","15":"product-type-simple"},"_links":{"self":[{"href":"https:\/\/www.acaciasol.com\/pt-pt\/wp-json\/wp\/v2\/product\/7835","targetHints":{"allow":["GET"]}}],"collection":[{"href":"https:\/\/www.acaciasol.com\/pt-pt\/wp-json\/wp\/v2\/product"}],"about":[{"href":"https:\/\/www.acaciasol.com\/pt-pt\/wp-json\/wp\/v2\/types\/product"}],"wp:featuredmedia":[{"embeddable":true,"href":"https:\/\/www.acaciasol.com\/pt-pt\/wp-json\/wp\/v2\/media\/7871"}],"wp:attachment":[{"href":"https:\/\/www.acaciasol.com\/pt-pt\/wp-json\/wp\/v2\/media?parent=7835"}],"wp:term":[{"taxonomy":"product_brand","embeddable":true,"href":"https:\/\/www.acaciasol.com\/pt-pt\/wp-json\/wp\/v2\/product_brand?post=7835"},{"taxonomy":"product_cat","embeddable":true,"href":"https:\/\/www.acaciasol.com\/pt-pt\/wp-json\/wp\/v2\/product_cat?post=7835"},{"taxonomy":"product_tag","embeddable":true,"href":"https:\/\/www.acaciasol.com\/pt-pt\/wp-json\/wp\/v2\/product_tag?post=7835"}],"curies":[{"name":"wp","href":"https:\/\/api.w.org\/{rel}","templated":true}]}}