{"id":7886,"date":"2025-10-03T12:08:24","date_gmt":"2025-10-03T12:08:24","guid":{"rendered":"https:\/\/www.acaciasol.com\/?post_type=product&#038;p=7886"},"modified":"2025-11-27T08:59:12","modified_gmt":"2025-11-27T08:59:12","slug":"glucoblend-forte","status":"publish","type":"product","link":"https:\/\/www.acaciasol.com\/pt-pt\/producto\/glucoblend-forte\/","title":{"rendered":"GLUCOBLEND FORTE"},"content":{"rendered":"<p>GLUCOBLEND FORTE: Suplemento alimentar \u00e0 base de colag\u00e9nio, glucosamina, condroitina, MSM, extratos vegetais de plantas e vitaminas com ado\u00e7antes.<\/p>\n","protected":false},"excerpt":{"rendered":"<p>GLUCOBLEND FORTE: Suplemento alimentar \u00e0 base de colag\u00e9nio, glucosamina, condroitina, MSM, extratos vegetais de plantas e vitaminas com ado\u00e7antes.<\/p>\n","protected":false},"featured_media":8017,"template":"","meta":{"inline_featured_image":false},"product_brand":[],"product_cat":[172,184,185],"product_tag":[218],"class_list":{"0":"post-7886","1":"product","2":"type-product","3":"status-publish","4":"has-post-thumbnail","6":"product_cat-novidades","7":"product_cat-formulas-pt-pt","8":"product_cat-glucosamina-msm-cartilagem","9":"product_tag-vbyotics-nutrition-pt-pt","11":"first","12":"instock","13":"sale","14":"shipping-taxable","15":"purchasable","16":"product-type-simple"},"_links":{"self":[{"href":"https:\/\/www.acaciasol.com\/pt-pt\/wp-json\/wp\/v2\/product\/7886","targetHints":{"allow":["GET"]}}],"collection":[{"href":"https:\/\/www.acaciasol.com\/pt-pt\/wp-json\/wp\/v2\/product"}],"about":[{"href":"https:\/\/www.acaciasol.com\/pt-pt\/wp-json\/wp\/v2\/types\/product"}],"wp:featuredmedia":[{"embeddable":true,"href":"https:\/\/www.acaciasol.com\/pt-pt\/wp-json\/wp\/v2\/media\/8017"}],"wp:attachment":[{"href":"https:\/\/www.acaciasol.com\/pt-pt\/wp-json\/wp\/v2\/media?parent=7886"}],"wp:term":[{"taxonomy":"product_brand","embeddable":true,"href":"https:\/\/www.acaciasol.com\/pt-pt\/wp-json\/wp\/v2\/product_brand?post=7886"},{"taxonomy":"product_cat","embeddable":true,"href":"https:\/\/www.acaciasol.com\/pt-pt\/wp-json\/wp\/v2\/product_cat?post=7886"},{"taxonomy":"product_tag","embeddable":true,"href":"https:\/\/www.acaciasol.com\/pt-pt\/wp-json\/wp\/v2\/product_tag?post=7886"}],"curies":[{"name":"wp","href":"https:\/\/api.w.org\/{rel}","templated":true}]}}