{"id":8010,"date":"2023-03-30T15:48:16","date_gmt":"2023-03-30T15:48:16","guid":{"rendered":"https:\/\/www.acaciasol.com\/?post_type=product&#038;p=8010"},"modified":"2025-11-27T08:58:09","modified_gmt":"2025-11-27T08:58:09","slug":"colplus-port","status":"publish","type":"product","link":"https:\/\/www.acaciasol.com\/pt-pt\/producto\/colplus-port\/","title":{"rendered":"COLPLUS"},"content":{"rendered":"<p>COLPLUS SAQUETAS &#8211; Suplemento alimentar \u00e0 base de colag\u00e9nio hidrolisado, MSM, \u00e1cido hialur\u00f3nico, sil\u00edcio, vitamina C e magn\u00e9sio. Com ado\u00e7ante.<\/p>\n","protected":false},"excerpt":{"rendered":"<p>COLPLUS SAQUETAS &#8211; Suplemento alimentar \u00e0 base de colag\u00e9nio hidrolisado, MSM, \u00e1cido hialur\u00f3nico, sil\u00edcio, vitamina C e magn\u00e9sio. Com ado\u00e7ante.<\/p>\n","protected":false},"featured_media":8021,"template":"","meta":{"inline_featured_image":false},"product_brand":[],"product_cat":[184,185],"product_tag":[218],"class_list":{"0":"post-8010","1":"product","2":"type-product","3":"status-publish","4":"has-post-thumbnail","6":"product_cat-formulas-pt-pt","7":"product_cat-glucosamina-msm-cartilagem","8":"product_tag-vbyotics-nutrition-pt-pt","10":"first","11":"instock","12":"shipping-taxable","13":"purchasable","14":"product-type-simple"},"_links":{"self":[{"href":"https:\/\/www.acaciasol.com\/pt-pt\/wp-json\/wp\/v2\/product\/8010","targetHints":{"allow":["GET"]}}],"collection":[{"href":"https:\/\/www.acaciasol.com\/pt-pt\/wp-json\/wp\/v2\/product"}],"about":[{"href":"https:\/\/www.acaciasol.com\/pt-pt\/wp-json\/wp\/v2\/types\/product"}],"wp:featuredmedia":[{"embeddable":true,"href":"https:\/\/www.acaciasol.com\/pt-pt\/wp-json\/wp\/v2\/media\/8021"}],"wp:attachment":[{"href":"https:\/\/www.acaciasol.com\/pt-pt\/wp-json\/wp\/v2\/media?parent=8010"}],"wp:term":[{"taxonomy":"product_brand","embeddable":true,"href":"https:\/\/www.acaciasol.com\/pt-pt\/wp-json\/wp\/v2\/product_brand?post=8010"},{"taxonomy":"product_cat","embeddable":true,"href":"https:\/\/www.acaciasol.com\/pt-pt\/wp-json\/wp\/v2\/product_cat?post=8010"},{"taxonomy":"product_tag","embeddable":true,"href":"https:\/\/www.acaciasol.com\/pt-pt\/wp-json\/wp\/v2\/product_tag?post=8010"}],"curies":[{"name":"wp","href":"https:\/\/api.w.org\/{rel}","templated":true}]}}